{"id":507,"date":"2010-09-26T11:15:37","date_gmt":"2010-09-26T11:15:37","guid":{"rendered":"http:\/\/labastidane.fr\/journal\/?page_id=507"},"modified":"2010-09-26T11:18:06","modified_gmt":"2010-09-26T11:18:06","slug":"le-trousseau-de-la-poupee-de-sophie","status":"publish","type":"page","link":"http:\/\/labastidane.fr\/journal\/?page_id=507","title":{"rendered":"Le trousseau de la poup\u00e9e de Sophie"},"content":{"rendered":"<h4>Ca laisse r\u00eaveuse tout de m\u00eame &#8230;.<\/h4>\n<p>Dans le premier tiroir :<\/p>\n<h4>1 chapeau rond en paille avec une petite plume blanche et des rubans de velours noir<br \/>\n1 capote en taffetas bleu avec des roses pompon<br \/>\n1 ombrelle verte \u00e0 manche d&rsquo;ivoire<br \/>\n6 paires de gants<br \/>\n4 paires de brodequins<br \/>\n2 \u00e9charpes en soie<br \/>\n1 manchon et une p\u00e9lerine en hermine.Dans le second tiroir:<br \/>\n6 chemises de jour<br \/>\n6 chemises de nuit<br \/>\n6 pantalons,<br \/>\n6 jupons festonn\u00e9s et garnis de dentelle<br \/>\n6 paires de bas<br \/>\n6 mouchoirs<br \/>\n6 bonnets de nuit<br \/>\n6 cols\u00a0<br \/>\n6 paires de manches<br \/>\n2 corsets<br \/>\n2 jupons de flanelle<br \/>\n6 serviettes de toilette<br \/>\n6 paire de draps<br \/>\n6 taies d&rsquo;oreiller<br \/>\n6 petits torchons<br \/>\nun sac contenant des \u00e9ponges, un d\u00e9m\u00e9loir, un peigne fin, une brosse \u00e0 t\u00eate, une brosse \u00e0 peignes.Dans le troisi\u00e8me tiroir \u00e9taient toutes les robes et les manteaux et mantelets, \u00a0il y avait :<br \/>\n1 robe en m\u00e9rinos \u00e9cossais<br \/>\n1 robe en popeline rose<br \/>\n1 robe en taffetas noir<br \/>\n1 robe en \u00e9toffe bleu<br \/>\n1 robe en mousseline blanche<br \/>\n1 robe en nankin<br \/>\n1 robe en velours noir<br \/>\n1 robe de chambre en taffetas lilas<br \/>\n1 casaque en drap gris<br \/>\n1 casaque en velours noir<br \/>\n1 talma en soie noire<br \/>\n1 mantelet en velours gros bleu<br \/>\n1 mantelet en mousseline blanche brod\u00e9e.<\/p>\n<h4>\u00a0<\/h4>\n<p>\u00a0<\/h4>\n","protected":false},"excerpt":{"rendered":"<p>Ca laisse r\u00eaveuse tout de m\u00eame &#8230;. Dans le premier tiroir : 1 chapeau rond en paille avec une petite plume blanche et des rubans de velours noir 1 capote en taffetas bleu avec des roses pompon 1 ombrelle verte \u00e0 manche d&rsquo;ivoire 6 paires de gants 4 paires de brodequins 2 \u00e9charpes en soie 1 manchon et une p\u00e9lerine en hermine.Dans le second tiroir: 6 chemises de jour 6 chemises de nuit 6 pantalons, 6 jupons festonn\u00e9s et garnis de dentelle 6 paires de bas 6 mouchoirs 6 bonnets de nuit 6 cols\u00a0 6 paires de manches 2 corsets 2 jupons de flanelle 6 serviettes de toilette 6 paire de draps 6 taies d&rsquo;oreiller 6 petits torchons un sac contenant des \u00e9ponges, un d\u00e9m\u00e9loir, un peigne fin, une brosse \u00e0 t\u00eate, une brosse \u00e0 peignes.Dans le troisi\u00e8me tiroir \u00e9taient toutes les robes et les manteaux et mantelets, \u00a0il y avait : 1 robe en m\u00e9rinos \u00e9cossais 1 robe en popeline rose 1 robe en taffetas noir 1 robe en \u00e9toffe bleu 1 robe en mousseline blanche 1 robe en nankin 1 robe en velours noir 1 robe de chambre en taffetas lilas 1 casaque en drap gris 1 casaque en velours noir 1 talma en soie noire 1 mantelet en velours gros bleu 1 mantelet en mousseline blanche brod\u00e9e. \u00a0 \u00a0<\/p>\n","protected":false},"author":1,"featured_media":0,"parent":0,"menu_order":0,"comment_status":"closed","ping_status":"closed","template":"onecolumn-page.php","meta":{"_exactmetrics_skip_tracking":false,"_exactmetrics_sitenote_active":false,"_exactmetrics_sitenote_note":"","_exactmetrics_sitenote_category":0,"footnotes":""},"class_list":["post-507","page","type-page","status-publish","hentry"],"yoast_head":"<!-- This site is optimized with the Yoast SEO plugin v20.0 - https:\/\/yoast.com\/wordpress\/plugins\/seo\/ -->\n<title>Le trousseau de la poup\u00e9e de Sophie - La Bastidane<\/title>\n<meta name=\"robots\" content=\"index, follow, max-snippet:-1, max-image-preview:large, max-video-preview:-1\" \/>\n<link rel=\"canonical\" href=\"http:\/\/labastidane.fr\/journal\/?page_id=507\" \/>\n<meta property=\"og:locale\" content=\"fr_FR\" \/>\n<meta property=\"og:type\" content=\"article\" \/>\n<meta property=\"og:title\" content=\"Le trousseau de la poup\u00e9e de Sophie - La Bastidane\" \/>\n<meta property=\"og:description\" content=\"Ca laisse r\u00eaveuse tout de m\u00eame &#8230;. Dans le premier tiroir : 1 chapeau rond en paille avec une petite plume blanche et des rubans de velours noir 1 capote en taffetas bleu avec des roses pompon 1 ombrelle verte \u00e0 manche d&rsquo;ivoire 6 paires de gants 4 paires de brodequins 2 \u00e9charpes en soie 1 manchon et une p\u00e9lerine en hermine.Dans le second tiroir: 6 chemises de jour 6 chemises de nuit 6 pantalons, 6 jupons festonn\u00e9s et garnis de dentelle 6 paires de bas 6 mouchoirs 6 bonnets de nuit 6 cols\u00a0 6 paires de manches 2 corsets 2 jupons de flanelle 6 serviettes de toilette 6 paire de draps 6 taies d&rsquo;oreiller 6 petits torchons un sac contenant des \u00e9ponges, un d\u00e9m\u00e9loir, un peigne fin, une brosse \u00e0 t\u00eate, une brosse \u00e0 peignes.Dans le troisi\u00e8me tiroir \u00e9taient toutes les robes et les manteaux et mantelets, \u00a0il y avait : 1 robe en m\u00e9rinos \u00e9cossais 1 robe en popeline rose 1 robe en taffetas noir 1 robe en \u00e9toffe bleu 1 robe en mousseline blanche 1 robe en nankin 1 robe en velours noir 1 robe de chambre en taffetas lilas 1 casaque en drap gris 1 casaque en velours noir 1 talma en soie noire 1 mantelet en velours gros bleu 1 mantelet en mousseline blanche brod\u00e9e. \u00a0 \u00a0\" \/>\n<meta property=\"og:url\" content=\"http:\/\/labastidane.fr\/journal\/?page_id=507\" \/>\n<meta property=\"og:site_name\" content=\"La Bastidane\" \/>\n<meta property=\"article:modified_time\" content=\"2010-09-26T11:18:06+00:00\" \/>\n<meta name=\"twitter:card\" content=\"summary_large_image\" \/>\n<meta name=\"twitter:label1\" content=\"Dur\u00e9e de lecture estim\u00e9e\" \/>\n\t<meta name=\"twitter:data1\" content=\"1 minute\" \/>\n<script type=\"application\/ld+json\" class=\"yoast-schema-graph\">{\"@context\":\"https:\/\/schema.org\",\"@graph\":[{\"@type\":\"WebPage\",\"@id\":\"http:\/\/labastidane.fr\/journal\/?page_id=507\",\"url\":\"http:\/\/labastidane.fr\/journal\/?page_id=507\",\"name\":\"Le trousseau de la poup\u00e9e de Sophie - La Bastidane\",\"isPartOf\":{\"@id\":\"https:\/\/labastidane.fr\/journal\/#website\"},\"datePublished\":\"2010-09-26T11:15:37+00:00\",\"dateModified\":\"2010-09-26T11:18:06+00:00\",\"breadcrumb\":{\"@id\":\"http:\/\/labastidane.fr\/journal\/?page_id=507#breadcrumb\"},\"inLanguage\":\"fr-FR\",\"potentialAction\":[{\"@type\":\"ReadAction\",\"target\":[\"http:\/\/labastidane.fr\/journal\/?page_id=507\"]}]},{\"@type\":\"BreadcrumbList\",\"@id\":\"http:\/\/labastidane.fr\/journal\/?page_id=507#breadcrumb\",\"itemListElement\":[{\"@type\":\"ListItem\",\"position\":1,\"name\":\"Accueil\",\"item\":\"https:\/\/labastidane.fr\/journal\"},{\"@type\":\"ListItem\",\"position\":2,\"name\":\"Le trousseau de la poup\u00e9e de Sophie\"}]},{\"@type\":\"WebSite\",\"@id\":\"https:\/\/labastidane.fr\/journal\/#website\",\"url\":\"https:\/\/labastidane.fr\/journal\/\",\"name\":\"La Bastidane\",\"description\":\"Cr\u00e9ations Improbables en Luberon\",\"potentialAction\":[{\"@type\":\"SearchAction\",\"target\":{\"@type\":\"EntryPoint\",\"urlTemplate\":\"https:\/\/labastidane.fr\/journal\/?s={search_term_string}\"},\"query-input\":\"required name=search_term_string\"}],\"inLanguage\":\"fr-FR\"}]}<\/script>\n<!-- \/ Yoast SEO plugin. -->","yoast_head_json":{"title":"Le trousseau de la poup\u00e9e de Sophie - La Bastidane","robots":{"index":"index","follow":"follow","max-snippet":"max-snippet:-1","max-image-preview":"max-image-preview:large","max-video-preview":"max-video-preview:-1"},"canonical":"http:\/\/labastidane.fr\/journal\/?page_id=507","og_locale":"fr_FR","og_type":"article","og_title":"Le trousseau de la poup\u00e9e de Sophie - La Bastidane","og_description":"Ca laisse r\u00eaveuse tout de m\u00eame &#8230;. Dans le premier tiroir : 1 chapeau rond en paille avec une petite plume blanche et des rubans de velours noir 1 capote en taffetas bleu avec des roses pompon 1 ombrelle verte \u00e0 manche d&rsquo;ivoire 6 paires de gants 4 paires de brodequins 2 \u00e9charpes en soie 1 manchon et une p\u00e9lerine en hermine.Dans le second tiroir: 6 chemises de jour 6 chemises de nuit 6 pantalons, 6 jupons festonn\u00e9s et garnis de dentelle 6 paires de bas 6 mouchoirs 6 bonnets de nuit 6 cols\u00a0 6 paires de manches 2 corsets 2 jupons de flanelle 6 serviettes de toilette 6 paire de draps 6 taies d&rsquo;oreiller 6 petits torchons un sac contenant des \u00e9ponges, un d\u00e9m\u00e9loir, un peigne fin, une brosse \u00e0 t\u00eate, une brosse \u00e0 peignes.Dans le troisi\u00e8me tiroir \u00e9taient toutes les robes et les manteaux et mantelets, \u00a0il y avait : 1 robe en m\u00e9rinos \u00e9cossais 1 robe en popeline rose 1 robe en taffetas noir 1 robe en \u00e9toffe bleu 1 robe en mousseline blanche 1 robe en nankin 1 robe en velours noir 1 robe de chambre en taffetas lilas 1 casaque en drap gris 1 casaque en velours noir 1 talma en soie noire 1 mantelet en velours gros bleu 1 mantelet en mousseline blanche brod\u00e9e. \u00a0 \u00a0","og_url":"http:\/\/labastidane.fr\/journal\/?page_id=507","og_site_name":"La Bastidane","article_modified_time":"2010-09-26T11:18:06+00:00","twitter_card":"summary_large_image","twitter_misc":{"Dur\u00e9e de lecture estim\u00e9e":"1 minute"},"schema":{"@context":"https:\/\/schema.org","@graph":[{"@type":"WebPage","@id":"http:\/\/labastidane.fr\/journal\/?page_id=507","url":"http:\/\/labastidane.fr\/journal\/?page_id=507","name":"Le trousseau de la poup\u00e9e de Sophie - La Bastidane","isPartOf":{"@id":"https:\/\/labastidane.fr\/journal\/#website"},"datePublished":"2010-09-26T11:15:37+00:00","dateModified":"2010-09-26T11:18:06+00:00","breadcrumb":{"@id":"http:\/\/labastidane.fr\/journal\/?page_id=507#breadcrumb"},"inLanguage":"fr-FR","potentialAction":[{"@type":"ReadAction","target":["http:\/\/labastidane.fr\/journal\/?page_id=507"]}]},{"@type":"BreadcrumbList","@id":"http:\/\/labastidane.fr\/journal\/?page_id=507#breadcrumb","itemListElement":[{"@type":"ListItem","position":1,"name":"Accueil","item":"https:\/\/labastidane.fr\/journal"},{"@type":"ListItem","position":2,"name":"Le trousseau de la poup\u00e9e de Sophie"}]},{"@type":"WebSite","@id":"https:\/\/labastidane.fr\/journal\/#website","url":"https:\/\/labastidane.fr\/journal\/","name":"La Bastidane","description":"Cr\u00e9ations Improbables en Luberon","potentialAction":[{"@type":"SearchAction","target":{"@type":"EntryPoint","urlTemplate":"https:\/\/labastidane.fr\/journal\/?s={search_term_string}"},"query-input":"required name=search_term_string"}],"inLanguage":"fr-FR"}]}},"_links":{"self":[{"href":"http:\/\/labastidane.fr\/journal\/index.php?rest_route=\/wp\/v2\/pages\/507","targetHints":{"allow":["GET"]}}],"collection":[{"href":"http:\/\/labastidane.fr\/journal\/index.php?rest_route=\/wp\/v2\/pages"}],"about":[{"href":"http:\/\/labastidane.fr\/journal\/index.php?rest_route=\/wp\/v2\/types\/page"}],"author":[{"embeddable":true,"href":"http:\/\/labastidane.fr\/journal\/index.php?rest_route=\/wp\/v2\/users\/1"}],"replies":[{"embeddable":true,"href":"http:\/\/labastidane.fr\/journal\/index.php?rest_route=%2Fwp%2Fv2%2Fcomments&post=507"}],"version-history":[{"count":2,"href":"http:\/\/labastidane.fr\/journal\/index.php?rest_route=\/wp\/v2\/pages\/507\/revisions"}],"predecessor-version":[{"id":511,"href":"http:\/\/labastidane.fr\/journal\/index.php?rest_route=\/wp\/v2\/pages\/507\/revisions\/511"}],"wp:attachment":[{"href":"http:\/\/labastidane.fr\/journal\/index.php?rest_route=%2Fwp%2Fv2%2Fmedia&parent=507"}],"curies":[{"name":"wp","href":"https:\/\/api.w.org\/{rel}","templated":true}]}}